{"id":2869,"date":"2021-08-25T15:19:01","date_gmt":"2021-08-25T13:19:01","guid":{"rendered":"https:\/\/www.asentics.de\/?page_id=2869"},"modified":"2021-08-25T15:19:01","modified_gmt":"2021-08-25T13:19:01","slug":"schulungen","status":"publish","type":"page","link":"https:\/\/www.asentics.de\/de\/schulungen\/","title":{"rendered":"Schulungen"},"content":{"rendered":"<div class=\"fusion-fullwidth fullwidth-box fusion-builder-row-1 nonhundred-percent-fullwidth non-hundred-percent-height-scrolling\" style=\"--awb-border-radius-top-left:0px;--awb-border-radius-top-right:0px;--awb-border-radius-bottom-right:0px;--awb-border-radius-bottom-left:0px;--awb-flex-wrap:wrap;\" ><div class=\"fusion-builder-row fusion-row\"><div class=\"fusion-layout-column fusion_builder_column fusion-builder-column-0 fusion_builder_column_1_1 1_1 fusion-one-full fusion-column-first fusion-column-last\" style=\"--awb-bg-size:cover;--awb-margin-bottom:0px;\"><div class=\"fusion-column-wrapper fusion-flex-column-wrapper-legacy\"><div class=\"fusion-title title fusion-title-1 fusion-title-center fusion-title-text fusion-title-size-one\"><div class=\"title-sep-container title-sep-container-left\"><div class=\"title-sep sep-single sep-dotted\" style=\"border-color:#e0dede;\"><\/div><\/div><span class=\"awb-title-spacer\"><\/span><h1 class=\"fusion-title-heading title-heading-center\" style=\"margin:0;\">Schulungen<\/h1><span class=\"awb-title-spacer\"><\/span><div class=\"title-sep-container title-sep-container-right\"><div class=\"title-sep sep-single sep-dotted\" style=\"border-color:#e0dede;\"><\/div><\/div><\/div><div class=\"fusion-sep-clear\"><\/div><div class=\"fusion-separator fusion-full-width-sep\" style=\"margin-left: auto;margin-right: auto;margin-top:20px;margin-bottom:20px;width:100%;\"><\/div><div class=\"fusion-sep-clear\"><\/div><div class=\"fusion-text fusion-text-1\"><p>Den perfekten Umgang mit den Inspektionssystemen von ASENTICS lernen und fundiertes Wissen \u00fcber Bildverarbeitung erlangen. Dank der breiten Vielfalt an Grundlagen-, Aufbau-, sowie Servicetechnikerschulungen werden unsere Kunden zu qualifizierten Bildverarbeitungsanwendern und lernen den sicheren Umgang mit komplizierter Technik.<\/p>\n<\/div><div class=\"fusion-sep-clear\"><\/div><div class=\"fusion-separator fusion-full-width-sep\" style=\"margin-left: auto;margin-right: auto;margin-top:25px;margin-bottom:25px;width:100%;\"><\/div><div class=\"fusion-sep-clear\"><\/div><div class=\"fusion-content-boxes content-boxes columns row fusion-columns-1 fusion-columns-total-1 fusion-content-boxes-1 content-boxes-icon-on-side content-left\" style=\"--awb-hover-accent-color:#000000;--awb-circle-hover-accent-color:transparent;--awb-item-margin-bottom:40px;\" data-animationOffset=\"top-into-view\"><div style=\"--awb-backgroundcolor:rgba(255,255,255,0);--awb-iconcolor:#0e4194;--awb-content-padding-left:62px;\" class=\"fusion-column content-box-column content-box-column content-box-column-1 col-lg-12 col-md-12 col-sm-12 fusion-content-box-hover content-box-column-last content-box-column-last-in-row\"><div class=\"col content-box-wrapper content-wrapper link-area-link-icon icon-hover-animation-none\" data-animationOffset=\"top-into-view\"><div class=\"heading heading-with-icon icon-left\"><div class=\"icon\"><i style=\"background-color:transparent;border-color:transparent;height:auto;width: 42px;line-height:normal;font-size:42px;\" aria-hidden=\"true\" class=\"fontawesome-icon fa-brain fas circle-no\"><\/i><\/div><h2 class=\"content-box-heading\" style=\"--h2_typography-font-size:18px;line-height:23px;padding-left:62px;\">Fundiert und Individuell<\/h2><\/div><div class=\"fusion-clearfix\"><\/div><div class=\"content-container\">\n<p>Kein allgemeiner Vortrag \u00fcber Bildverarbeitung, keine unn\u00fctzen Informationen. Stattdessen, projektspezifisches Knowhow mit Ihrer Applikation im Mittelpunkt.<\/p>\n<\/div><\/div><\/div><div class=\"fusion-clearfix\"><\/div><\/div><div class=\"fusion-sep-clear\"><\/div><div class=\"fusion-separator fusion-full-width-sep\" style=\"margin-left: auto;margin-right: auto;margin-top:20px;margin-bottom:20px;width:100%;\"><\/div><div class=\"fusion-sep-clear\"><\/div><div class=\"fusion-content-boxes content-boxes columns row fusion-columns-1 fusion-columns-total-1 fusion-content-boxes-2 content-boxes-icon-on-side content-left\" style=\"--awb-hover-accent-color:#000000;--awb-circle-hover-accent-color:transparent;--awb-item-margin-bottom:40px;\" data-animationOffset=\"top-into-view\"><div style=\"--awb-backgroundcolor:rgba(255,255,255,0);--awb-iconcolor:#0e4194;--awb-content-padding-left:62px;\" class=\"fusion-column content-box-column content-box-column content-box-column-1 col-lg-12 col-md-12 col-sm-12 fusion-content-box-hover content-box-column-last content-box-column-last-in-row\"><div class=\"col content-box-wrapper content-wrapper link-area-link-icon icon-hover-animation-none\" data-animationOffset=\"top-into-view\"><div class=\"heading heading-with-icon icon-left\"><div class=\"icon\"><i style=\"background-color:transparent;border-color:transparent;height:auto;width: 42px;line-height:normal;font-size:42px;\" aria-hidden=\"true\" class=\"fontawesome-icon fa-map-marker-alt fas circle-no\"><\/i><\/div><h2 class=\"content-box-heading\" style=\"--h2_typography-font-size:18px;line-height:23px;padding-left:62px;\">Virtuell oder pr\u00e4sent - immer \u00fcber unser voll ausgestattetes Customer Training Center<\/h2><\/div><div class=\"fusion-clearfix\"><\/div><div class=\"content-container\">\n<p>Pr\u00e4senz- oder Onlineschulung? Sie entscheiden. Die Mehrheit unseres Schulungsangebots kann bequem online durchgef\u00fchrt werden. Gerne laden wir Sie allerdings in unser Customer Training Center ein!<\/p>\n<\/div><\/div><\/div><div class=\"fusion-clearfix\"><\/div><\/div><div class=\"fusion-sep-clear\"><\/div><div class=\"fusion-separator fusion-full-width-sep\" style=\"margin-left: auto;margin-right: auto;margin-top:20px;margin-bottom:20px;width:100%;\"><\/div><div class=\"fusion-sep-clear\"><\/div><div class=\"fusion-content-boxes content-boxes columns row fusion-columns-1 fusion-columns-total-1 fusion-content-boxes-3 content-boxes-icon-on-side content-left\" style=\"--awb-hover-accent-color:#000000;--awb-circle-hover-accent-color:transparent;--awb-item-margin-bottom:40px;\" data-animationOffset=\"top-into-view\"><div style=\"--awb-backgroundcolor:rgba(255,255,255,0);--awb-iconcolor:#0e4194;--awb-content-padding-left:62px;\" class=\"fusion-column content-box-column content-box-column content-box-column-1 col-lg-12 col-md-12 col-sm-12 fusion-content-box-hover content-box-column-last content-box-column-last-in-row\"><div class=\"col content-box-wrapper content-wrapper link-area-link-icon icon-hover-animation-none\" data-animationOffset=\"top-into-view\"><div class=\"heading heading-with-icon icon-left\"><div class=\"icon\"><i style=\"background-color:transparent;border-color:transparent;height:auto;width: 42px;line-height:normal;font-size:42px;\" aria-hidden=\"true\" class=\"fontawesome-icon fa-users fas circle-no\"><\/i><\/div><h2 class=\"content-box-heading\" style=\"--h2_typography-font-size:18px;line-height:23px;padding-left:62px;\">Experten schulen angehende Experten<\/h2><\/div><div class=\"fusion-clearfix\"><\/div><div class=\"content-container\">\n<p>Unsere Dozenten sind Ingenieure mit langj\u00e4hriger Praxis- und Schulungserfahrung, die vollumf\u00e4nglich mit Ihren Applikationen vertraut sind.<\/p>\n<\/div><\/div><\/div><div class=\"fusion-clearfix\"><\/div><\/div><div class=\"fusion-sep-clear\"><\/div><div class=\"fusion-separator fusion-full-width-sep\" style=\"margin-left: auto;margin-right: auto;margin-top:20px;margin-bottom:20px;width:100%;\"><\/div><div class=\"fusion-sep-clear\"><\/div><div class=\"fusion-title title fusion-title-2 fusion-title-center fusion-title-text fusion-title-size-one\"><div class=\"title-sep-container title-sep-container-left\"><div class=\"title-sep sep-single sep-dotted\" style=\"border-color:#e0dede;\"><\/div><\/div><span class=\"awb-title-spacer\"><\/span><h1 class=\"fusion-title-heading title-heading-center\" style=\"margin:0;\">Schulungsangebot<\/h1><span class=\"awb-title-spacer\"><\/span><div class=\"title-sep-container title-sep-container-right\"><div class=\"title-sep sep-single sep-dotted\" style=\"border-color:#e0dede;\"><\/div><\/div><\/div><div class=\"fusion-sep-clear\"><\/div><div class=\"fusion-separator fusion-full-width-sep\" style=\"margin-left: auto;margin-right: auto;margin-top:20px;margin-bottom:20px;width:100%;\"><\/div><div class=\"fusion-sep-clear\"><\/div><div class=\"fusion-tabs fusion-tabs-1 classic vertical-tabs icon-position-left mobile-mode-accordion\" style=\"--awb-title-border-radius-top-left:0px;--awb-title-border-radius-top-right:0px;--awb-title-border-radius-bottom-right:0px;--awb-title-border-radius-bottom-left:0px;--awb-inactive-color:#ebeaea;--awb-background-color:#ffffff;--awb-border-color:#ebeaea;--awb-active-border-color:#1f1f7a;\"><div class=\"nav\"><ul class=\"nav-tabs\" role=\"tablist\"><li class=\"active\" role=\"presentation\"><a class=\"tab-link\" data-toggle=\"tab\" role=\"tab\" aria-controls=\"tab-921fd5b298eb26b21b0\" aria-selected=\"true\" id=\"fusion-tab-grundlagenschulungen\" href=\"#tab-921fd5b298eb26b21b0\"><h4 class=\"fusion-tab-heading\">Grundlagenschulungen<\/h4><\/a><\/li><li role=\"presentation\"><a class=\"tab-link\" data-toggle=\"tab\" role=\"tab\" aria-controls=\"tab-769879162ec9caf7f03\" aria-selected=\"false\" tabindex=\"-1\" id=\"fusion-tab-asentics-videolabschulungen\" href=\"#tab-769879162ec9caf7f03\"><h4 class=\"fusion-tab-heading\">ASENTICS-Videolab Schulungen<\/h4><\/a><\/li><li role=\"presentation\"><a class=\"tab-link\" data-toggle=\"tab\" role=\"tab\" aria-controls=\"tab-736fefd609a5eb25772\" aria-selected=\"false\" tabindex=\"-1\" id=\"fusion-tab-schulungenf\u00fcrvario-inspektionssysteme\" href=\"#tab-736fefd609a5eb25772\"><h4 class=\"fusion-tab-heading\">Schulungen f\u00fcr VARIO-Inspektionssysteme<\/h4><\/a><\/li><li role=\"presentation\"><a class=\"tab-link\" data-toggle=\"tab\" role=\"tab\" aria-controls=\"tab-ce81b377ced6d1954ce\" aria-selected=\"false\" tabindex=\"-1\" id=\"fusion-tab-schulungenf\u00fcrcodelesesysteme\" href=\"#tab-ce81b377ced6d1954ce\"><h4 class=\"fusion-tab-heading\">Schulungen f\u00fcr Codelesesysteme<\/h4><\/a><\/li><\/ul><\/div><div class=\"tab-content\"><div class=\"nav fusion-mobile-tab-nav\"><ul class=\"nav-tabs\" role=\"tablist\"><li class=\"active\" role=\"presentation\"><a class=\"tab-link\" data-toggle=\"tab\" role=\"tab\" aria-controls=\"tab-921fd5b298eb26b21b0\" aria-selected=\"true\" id=\"mobile-fusion-tab-grundlagenschulungen\" href=\"#tab-921fd5b298eb26b21b0\"><h4 class=\"fusion-tab-heading\">Grundlagenschulungen<\/h4><\/a><\/li><\/ul><\/div><div class=\"tab-pane fade fusion-clearfix in active\" role=\"tabpanel\" tabindex=\"0\" aria-labelledby=\"fusion-tab-grundlagenschulungen\" id=\"tab-921fd5b298eb26b21b0\">\n<p>Unser Angebot an Grundlagenschulungen vermittelt brancheninternes, zukunftsorientiertes Fachwissen oder lehrt Sie die sichere Handhabung mit Ihrem ASENTICS-Inspektionssystem.<\/p>\n<ul style=\"--awb-size:17px;--awb-iconcolor:#0e4194;--awb-line-height:28.9px;--awb-icon-width:28.9px;--awb-icon-height:28.9px;--awb-icon-margin:11.9px;--awb-content-margin:40.8px;\" class=\"fusion-checklist fusion-checklist-1 fusion-checklist-default fusion-checklist-divider type-icons\"><li class=\"fusion-li-item\" style=\"\"><span class=\"icon-wrapper circle-no\"><i class=\"fusion-li-icon fa-caret-right fas\" aria-hidden=\"true\"><\/i><\/span><div class=\"fusion-li-item-content\">\n<p>Umgang mit den ASENTICS-Bildverarbeitungssystemen (z.B. Kalibrierung von Kamera und Messwertprotokolle, Schnittstellen der Anlagensteuerung,&#8230;)<\/p>\n<\/div><\/li><li class=\"fusion-li-item\" style=\"\"><span class=\"icon-wrapper circle-no\"><i class=\"fusion-li-icon fa-caret-right fas\" aria-hidden=\"true\"><\/i><\/span><div class=\"fusion-li-item-content\">\n<p>Einfluss der Digitalisierung auf die industrielle Bildverarbeitung<\/p>\n<\/div><\/li><li class=\"fusion-li-item\" style=\"\"><span class=\"icon-wrapper circle-no\"><i class=\"fusion-li-icon fa-caret-right fas\" aria-hidden=\"true\"><\/i><\/span><div class=\"fusion-li-item-content\">\n<p>Zukunftsorientierte Auslegung von Bildverarbeitungssystemen<\/p>\n<\/div><\/li><\/ul>\n<\/div><div class=\"nav fusion-mobile-tab-nav\"><ul class=\"nav-tabs\" role=\"tablist\"><li role=\"presentation\"><a class=\"tab-link\" data-toggle=\"tab\" role=\"tab\" aria-controls=\"tab-769879162ec9caf7f03\" aria-selected=\"false\" tabindex=\"-1\" id=\"mobile-fusion-tab-asentics-videolabschulungen\" href=\"#tab-769879162ec9caf7f03\"><h4 class=\"fusion-tab-heading\">ASENTICS-Videolab Schulungen<\/h4><\/a><\/li><\/ul><\/div><div class=\"tab-pane fade fusion-clearfix\" role=\"tabpanel\" tabindex=\"0\" aria-labelledby=\"fusion-tab-asentics-videolabschulungen\" id=\"tab-769879162ec9caf7f03\">\n<p>Videolab ist ASENTICS selbstentwickelte Konfigurationssoftware. Sie dient zur Parametrierung und Optimierung der optischen Pr\u00fcfprozesse und ist die Schnittstelle des Bedieners zum Bildverarbeitungssystem. Unser Videolab-Schulungsangebot behandelt s\u00e4mtliche Bereiche der Software und bildet Sie in F\u00e4higkeiten aus, wie z.B. das Ver\u00e4ndern von Messparametern bis hin zum eigenst\u00e4ndigen Konfigurieren neuer Produkttypen.<\/p>\n<ul style=\"--awb-size:17px;--awb-iconcolor:#0e4194;--awb-line-height:28.9px;--awb-icon-width:28.9px;--awb-icon-height:28.9px;--awb-icon-margin:11.9px;--awb-content-margin:40.8px;\" class=\"fusion-checklist fusion-checklist-2 fusion-checklist-default fusion-checklist-divider type-icons\"><li class=\"fusion-li-item\" style=\"\"><span class=\"icon-wrapper circle-no\"><i class=\"fusion-li-icon fa-caret-right fas\" aria-hidden=\"true\"><\/i><\/span><div class=\"fusion-li-item-content\">\n<p>Werkzeuge von ASENTICS Videolab (detect, measure, verify, director und logic editor)<\/p>\n<\/div><\/li><li class=\"fusion-li-item\" style=\"\"><span class=\"icon-wrapper circle-no\"><i class=\"fusion-li-icon fa-caret-right fas\" aria-hidden=\"true\"><\/i><\/span><div class=\"fusion-li-item-content\">\n<p>Ablauf der Bildanalyse<\/p>\n<\/div><\/li><li class=\"fusion-li-item\" style=\"\"><span class=\"icon-wrapper circle-no\"><i class=\"fusion-li-icon fa-caret-right fas\" aria-hidden=\"true\"><\/i><\/span><div class=\"fusion-li-item-content\">\n<p>Ablaufsteuerungen ausw\u00e4hlen, pr\u00fcfen und speichern<\/p>\n<\/div><\/li><li class=\"fusion-li-item\" style=\"\"><span class=\"icon-wrapper circle-no\"><i class=\"fusion-li-icon fa-caret-right fas\" aria-hidden=\"true\"><\/i><\/span><div class=\"fusion-li-item-content\">\n<p>Neue Produkttypen anlegen und einrichten<\/p>\n<\/div><\/li><li class=\"fusion-li-item\" style=\"\"><span class=\"icon-wrapper circle-no\"><i class=\"fusion-li-icon fa-caret-right fas\" aria-hidden=\"true\"><\/i><\/span><div class=\"fusion-li-item-content\">\n<p>AOI&#8217;s verschieben und verformen (Sollwert und Toleranzen)<\/p>\n<\/div><\/li><\/ul>\n<\/div><div class=\"nav fusion-mobile-tab-nav\"><ul class=\"nav-tabs\" role=\"tablist\"><li role=\"presentation\"><a class=\"tab-link\" data-toggle=\"tab\" role=\"tab\" aria-controls=\"tab-736fefd609a5eb25772\" aria-selected=\"false\" tabindex=\"-1\" id=\"mobile-fusion-tab-schulungenf\u00fcrvario-inspektionssysteme\" href=\"#tab-736fefd609a5eb25772\"><h4 class=\"fusion-tab-heading\">Schulungen f\u00fcr VARIO-Inspektionssysteme<\/h4><\/a><\/li><\/ul><\/div><div class=\"tab-pane fade fusion-clearfix\" role=\"tabpanel\" tabindex=\"0\" aria-labelledby=\"fusion-tab-schulungenf\u00fcrvario-inspektionssysteme\" id=\"tab-736fefd609a5eb25772\">\n<p>Aus Eigenst\u00e4ndigkeit kann vieles wachsen. Im Hinblick auf unsere Schulungen f\u00fcr die VARIO-Inspektionssysteme sichert Eigenst\u00e4ndigkeit Flexibilit\u00e4t und Unabh\u00e4ngigkeit.<\/p>\n<ul style=\"--awb-size:17px;--awb-iconcolor:#0e4194;--awb-line-height:28.9px;--awb-icon-width:28.9px;--awb-icon-height:28.9px;--awb-icon-margin:11.9px;--awb-content-margin:40.8px;\" class=\"fusion-checklist fusion-checklist-3 fusion-checklist-default fusion-checklist-divider type-icons\"><li class=\"fusion-li-item\" style=\"\"><span class=\"icon-wrapper circle-no\"><i class=\"fusion-li-icon fa-caret-right fas\" aria-hidden=\"true\"><\/i><\/span><div class=\"fusion-li-item-content\">\n<p>Einrichten des Inspektionssystems f\u00fcr neue Pr\u00fcflingstypen<\/p>\n<\/div><\/li><li class=\"fusion-li-item\" style=\"\"><span class=\"icon-wrapper circle-no\"><i class=\"fusion-li-icon fa-caret-right fas\" aria-hidden=\"true\"><\/i><\/span><div class=\"fusion-li-item-content\">\n<p>Einstellen der Parameter f\u00fcr unterschiedliche Pr\u00fcflinge<\/p>\n<\/div><\/li><li class=\"fusion-li-item\" style=\"\"><span class=\"icon-wrapper circle-no\"><i class=\"fusion-li-icon fa-caret-right fas\" aria-hidden=\"true\"><\/i><\/span><div class=\"fusion-li-item-content\">\n<p>Einstellen der Toleranzen f\u00fcr unterschiedliche Pr\u00fcflinge<\/p>\n<\/div><\/li><li class=\"fusion-li-item\" style=\"\"><span class=\"icon-wrapper circle-no\"><i class=\"fusion-li-icon fa-caret-right fas\" aria-hidden=\"true\"><\/i><\/span><div class=\"fusion-li-item-content\">\n<p>Einstellen der Ausschleusposition<\/p>\n<\/div><\/li><li class=\"fusion-li-item\" style=\"\"><span class=\"icon-wrapper circle-no\"><i class=\"fusion-li-icon fa-caret-right fas\" aria-hidden=\"true\"><\/i><\/span><div class=\"fusion-li-item-content\">\n<p>Einstellen der mechanischen Positionierelemente<\/p>\n<\/div><\/li><li class=\"fusion-li-item\" style=\"\"><span class=\"icon-wrapper circle-no\"><i class=\"fusion-li-icon fa-caret-right fas\" aria-hidden=\"true\"><\/i><\/span><div class=\"fusion-li-item-content\">\n<p>Einstellen der Beleuchtungen<\/p>\n<\/div><\/li><li class=\"fusion-li-item\" style=\"\"><span class=\"icon-wrapper circle-no\"><i class=\"fusion-li-icon fa-caret-right fas\" aria-hidden=\"true\"><\/i><\/span><div class=\"fusion-li-item-content\">\n<p>Fehlerbehebung des Inspektionssystems<\/p>\n<\/div><\/li><li class=\"fusion-li-item\" style=\"\"><span class=\"icon-wrapper circle-no\"><i class=\"fusion-li-icon fa-caret-right fas\" aria-hidden=\"true\"><\/i><\/span><div class=\"fusion-li-item-content\">\n<p>Einstellen der Pr\u00fcfzonen, Schwellwerte und Toleranzen<\/p>\n<\/div><\/li><\/ul>\n<\/div><div class=\"nav fusion-mobile-tab-nav\"><ul class=\"nav-tabs\" role=\"tablist\"><li role=\"presentation\"><a class=\"tab-link\" data-toggle=\"tab\" role=\"tab\" aria-controls=\"tab-ce81b377ced6d1954ce\" aria-selected=\"false\" tabindex=\"-1\" id=\"mobile-fusion-tab-schulungenf\u00fcrcodelesesysteme\" href=\"#tab-ce81b377ced6d1954ce\"><h4 class=\"fusion-tab-heading\">Schulungen f\u00fcr Codelesesysteme<\/h4><\/a><\/li><\/ul><\/div><div class=\"tab-pane fade fusion-clearfix\" role=\"tabpanel\" tabindex=\"0\" aria-labelledby=\"fusion-tab-schulungenf\u00fcrcodelesesysteme\" id=\"tab-ce81b377ced6d1954ce\">\n<p>Alles abgedeckt &#8211; von der Installation, der Verwendung bis hin zum eigenst\u00e4ndigen Service. Unser umfassendes Angebot an Schulungen f\u00fcr die ASENTICS-Codelesesysteme:<\/p>\n<ul style=\"--awb-size:17px;--awb-iconcolor:#0e4194;--awb-line-height:28.9px;--awb-icon-width:28.9px;--awb-icon-height:28.9px;--awb-icon-margin:11.9px;--awb-content-margin:40.8px;\" class=\"fusion-checklist fusion-checklist-4 fusion-checklist-default fusion-checklist-divider type-icons\"><li class=\"fusion-li-item\" style=\"\"><span class=\"icon-wrapper circle-no\"><i class=\"fusion-li-icon fa-caret-right fas\" aria-hidden=\"true\"><\/i><\/span><div class=\"fusion-li-item-content\">\n<p>Codeleser aufbauen und installieren (Funktionsweise, Ger\u00e4tevarianten sowie elektrische Anschl\u00fcsse und Zubeh\u00f6r<\/p>\n<\/div><\/li><li class=\"fusion-li-item\" style=\"\"><span class=\"icon-wrapper circle-no\"><i class=\"fusion-li-icon fa-caret-right fas\" aria-hidden=\"true\"><\/i><\/span><div class=\"fusion-li-item-content\">\n<p>Ger\u00e4tekonfiguration und Bedienung (Bedienerebenen, Bildaufnahme und Beleuchtung, Betriebs- und Triggermodi, Datenausgabe, Netzwerkkonfiguration von 1D- und 2D-Codes sowie das Laden und Speichern von Konfigurationsnetzen)<\/p>\n<\/div><\/li><li class=\"fusion-li-item\" style=\"\"><span class=\"icon-wrapper circle-no\"><i class=\"fusion-li-icon fa-caret-right fas\" aria-hidden=\"true\"><\/i><\/span><div class=\"fusion-li-item-content\">\n<p>Servicearbeiten und Servicewerkzeuge (Softwareupdates, Freischalten und Aktivieren von Sprachen, Programme Netcamfinder und IP-Setup)<\/p>\n<\/div><\/li><\/ul>\n<\/div><\/div><\/div><div class=\"fusion-clearfix\"><\/div><\/div><\/div><\/div><\/div>\n","protected":false},"excerpt":{"rendered":"","protected":false},"author":8,"featured_media":0,"parent":0,"menu_order":0,"comment_status":"closed","ping_status":"closed","template":"","meta":{"_acf_changed":false,"inline_featured_image":false,"footnotes":""},"class_list":["post-2869","page","type-page","status-publish","hentry"],"acf":[],"yoast_head":"<!-- This site is optimized with the Yoast SEO plugin v27.3 - https:\/\/yoast.com\/product\/yoast-seo-wordpress\/ -->\n<title>Schulungen - ASENTICS<\/title>\n<meta name=\"robots\" content=\"index, follow, max-snippet:-1, max-image-preview:large, max-video-preview:-1\" \/>\n<link rel=\"canonical\" href=\"https:\/\/www.asentics.de\/de\/schulungen\/\" \/>\n<meta property=\"og:locale\" content=\"de_DE\" \/>\n<meta property=\"og:type\" content=\"article\" \/>\n<meta property=\"og:title\" content=\"Schulungen - ASENTICS\" \/>\n<meta property=\"og:url\" content=\"https:\/\/www.asentics.de\/de\/schulungen\/\" \/>\n<meta property=\"og:site_name\" content=\"ASENTICS\" \/>\n<meta name=\"twitter:card\" content=\"summary_large_image\" \/>\n<meta name=\"twitter:label1\" content=\"Gesch\u00e4tzte Lesezeit\" \/>\n\t<meta name=\"twitter:data1\" content=\"3\u00a0Minuten\" \/>\n<script type=\"application\/ld+json\" class=\"yoast-schema-graph\">{\"@context\":\"https:\\\/\\\/schema.org\",\"@graph\":[{\"@type\":\"WebPage\",\"@id\":\"https:\\\/\\\/www.asentics.de\\\/de\\\/schulungen\\\/\",\"url\":\"https:\\\/\\\/www.asentics.de\\\/de\\\/schulungen\\\/\",\"name\":\"Schulungen - ASENTICS\",\"isPartOf\":{\"@id\":\"https:\\\/\\\/www.asentics.de\\\/de\\\/#website\"},\"datePublished\":\"2021-08-25T13:19:01+00:00\",\"breadcrumb\":{\"@id\":\"https:\\\/\\\/www.asentics.de\\\/de\\\/schulungen\\\/#breadcrumb\"},\"inLanguage\":\"de\",\"potentialAction\":[{\"@type\":\"ReadAction\",\"target\":[\"https:\\\/\\\/www.asentics.de\\\/de\\\/schulungen\\\/\"]}]},{\"@type\":\"BreadcrumbList\",\"@id\":\"https:\\\/\\\/www.asentics.de\\\/de\\\/schulungen\\\/#breadcrumb\",\"itemListElement\":[{\"@type\":\"ListItem\",\"position\":1,\"name\":\"Startseite\",\"item\":\"https:\\\/\\\/www.asentics.de\\\/de\\\/\"},{\"@type\":\"ListItem\",\"position\":2,\"name\":\"Schulungen\"}]},{\"@type\":\"WebSite\",\"@id\":\"https:\\\/\\\/www.asentics.de\\\/de\\\/#website\",\"url\":\"https:\\\/\\\/www.asentics.de\\\/de\\\/\",\"name\":\"ASENTICS\",\"description\":\"ASENTICS vision technology\",\"potentialAction\":[{\"@type\":\"SearchAction\",\"target\":{\"@type\":\"EntryPoint\",\"urlTemplate\":\"https:\\\/\\\/www.asentics.de\\\/de\\\/?s={search_term_string}\"},\"query-input\":{\"@type\":\"PropertyValueSpecification\",\"valueRequired\":true,\"valueName\":\"search_term_string\"}}],\"inLanguage\":\"de\"}]}<\/script>\n<!-- \/ Yoast SEO plugin. -->","yoast_head_json":{"title":"Schulungen - ASENTICS","robots":{"index":"index","follow":"follow","max-snippet":"max-snippet:-1","max-image-preview":"max-image-preview:large","max-video-preview":"max-video-preview:-1"},"canonical":"https:\/\/www.asentics.de\/de\/schulungen\/","og_locale":"de_DE","og_type":"article","og_title":"Schulungen - ASENTICS","og_url":"https:\/\/www.asentics.de\/de\/schulungen\/","og_site_name":"ASENTICS","twitter_card":"summary_large_image","twitter_misc":{"Gesch\u00e4tzte Lesezeit":"3\u00a0Minuten"},"schema":{"@context":"https:\/\/schema.org","@graph":[{"@type":"WebPage","@id":"https:\/\/www.asentics.de\/de\/schulungen\/","url":"https:\/\/www.asentics.de\/de\/schulungen\/","name":"Schulungen - ASENTICS","isPartOf":{"@id":"https:\/\/www.asentics.de\/de\/#website"},"datePublished":"2021-08-25T13:19:01+00:00","breadcrumb":{"@id":"https:\/\/www.asentics.de\/de\/schulungen\/#breadcrumb"},"inLanguage":"de","potentialAction":[{"@type":"ReadAction","target":["https:\/\/www.asentics.de\/de\/schulungen\/"]}]},{"@type":"BreadcrumbList","@id":"https:\/\/www.asentics.de\/de\/schulungen\/#breadcrumb","itemListElement":[{"@type":"ListItem","position":1,"name":"Startseite","item":"https:\/\/www.asentics.de\/de\/"},{"@type":"ListItem","position":2,"name":"Schulungen"}]},{"@type":"WebSite","@id":"https:\/\/www.asentics.de\/de\/#website","url":"https:\/\/www.asentics.de\/de\/","name":"ASENTICS","description":"ASENTICS vision technology","potentialAction":[{"@type":"SearchAction","target":{"@type":"EntryPoint","urlTemplate":"https:\/\/www.asentics.de\/de\/?s={search_term_string}"},"query-input":{"@type":"PropertyValueSpecification","valueRequired":true,"valueName":"search_term_string"}}],"inLanguage":"de"}]}},"publishpress_future_action":{"enabled":false,"date":"2026-05-05 16:01:59","action":"change-status","newStatus":"draft","terms":[],"taxonomy":"translation_priority","extraData":[]},"publishpress_future_workflow_manual_trigger":{"enabledWorkflows":[]},"_links":{"self":[{"href":"https:\/\/www.asentics.de\/de\/wp-json\/wp\/v2\/pages\/2869","targetHints":{"allow":["GET"]}}],"collection":[{"href":"https:\/\/www.asentics.de\/de\/wp-json\/wp\/v2\/pages"}],"about":[{"href":"https:\/\/www.asentics.de\/de\/wp-json\/wp\/v2\/types\/page"}],"author":[{"embeddable":true,"href":"https:\/\/www.asentics.de\/de\/wp-json\/wp\/v2\/users\/8"}],"replies":[{"embeddable":true,"href":"https:\/\/www.asentics.de\/de\/wp-json\/wp\/v2\/comments?post=2869"}],"version-history":[{"count":32,"href":"https:\/\/www.asentics.de\/de\/wp-json\/wp\/v2\/pages\/2869\/revisions"}],"predecessor-version":[{"id":2925,"href":"https:\/\/www.asentics.de\/de\/wp-json\/wp\/v2\/pages\/2869\/revisions\/2925"}],"wp:attachment":[{"href":"https:\/\/www.asentics.de\/de\/wp-json\/wp\/v2\/media?parent=2869"}],"curies":[{"name":"wp","href":"https:\/\/api.w.org\/{rel}","templated":true}]}}