{"id":859,"date":"2019-09-09T11:17:11","date_gmt":"2019-09-09T09:17:11","guid":{"rendered":"https:\/\/www.asentics.de\/?page_id=859"},"modified":"2019-10-09T15:54:39","modified_gmt":"2019-10-09T13:54:39","slug":"code-reading","status":"publish","type":"page","link":"https:\/\/www.asentics.de\/de\/branchenloesungen\/code-reading\/","title":{"rendered":"Code Reading"},"content":{"rendered":"<div class=\"fusion-fullwidth fullwidth-box fusion-builder-row-1 nonhundred-percent-fullwidth non-hundred-percent-height-scrolling\" style=\"--awb-border-radius-top-left:0px;--awb-border-radius-top-right:0px;--awb-border-radius-bottom-right:0px;--awb-border-radius-bottom-left:0px;--awb-padding-top:50px;--awb-flex-wrap:wrap;\" ><div class=\"fusion-builder-row fusion-row\"><div class=\"fusion-layout-column fusion_builder_column fusion-builder-column-0 fusion_builder_column_1_3 1_3 fusion-one-third fusion-column-first\" style=\"--awb-bg-size:cover;width:33.333333333333%;width:calc(33.333333333333% - ( ( 4% ) * 0.33333333333333 ) );margin-right: 4%;\"><div class=\"fusion-column-wrapper fusion-column-has-shadow fusion-flex-column-wrapper-legacy\"><div class=\"fusion-image-element in-legacy-container\" style=\"--awb-caption-title-font-family:var(--h2_typography-font-family);--awb-caption-title-font-weight:var(--h2_typography-font-weight);--awb-caption-title-font-style:var(--h2_typography-font-style);--awb-caption-title-size:var(--h2_typography-font-size);--awb-caption-title-transform:var(--h2_typography-text-transform);--awb-caption-title-line-height:var(--h2_typography-line-height);--awb-caption-title-letter-spacing:var(--h2_typography-letter-spacing);\"><span class=\" fusion-imageframe imageframe-none imageframe-1 hover-type-none\"><img decoding=\"async\" width=\"586\" height=\"394\" title=\"branchen_code-reading01\" src=\"https:\/\/www.asentics.de\/wp-content\/uploads\/2019\/09\/branchen_code-reading01.jpg\" data-orig-src=\"https:\/\/www.asentics.de\/wp-content\/uploads\/2019\/09\/branchen_code-reading01.jpg\" alt class=\"lazyload img-responsive wp-image-1019\" srcset=\"data:image\/svg+xml,%3Csvg%20xmlns%3D%27http%3A%2F%2Fwww.w3.org%2F2000%2Fsvg%27%20width%3D%27586%27%20height%3D%27394%27%20viewBox%3D%270%200%20586%20394%27%3E%3Crect%20width%3D%27586%27%20height%3D%27394%27%20fill-opacity%3D%220%22%2F%3E%3C%2Fsvg%3E\" data-srcset=\"https:\/\/www.asentics.de\/wp-content\/uploads\/2019\/09\/branchen_code-reading01-200x134.jpg 200w, https:\/\/www.asentics.de\/wp-content\/uploads\/2019\/09\/branchen_code-reading01-400x269.jpg 400w, https:\/\/www.asentics.de\/wp-content\/uploads\/2019\/09\/branchen_code-reading01.jpg 586w\" data-sizes=\"auto\" data-orig-sizes=\"(max-width: 800px) 100vw, 586px\" \/><\/span><\/div><div class=\"fusion-clearfix\"><\/div><\/div><\/div><div class=\"fusion-layout-column fusion_builder_column fusion-builder-column-1 fusion_builder_column_2_3 2_3 fusion-two-third fusion-column-last\" style=\"--awb-bg-size:cover;width:66.666666666667%;width:calc(66.666666666667% - ( ( 4% ) * 0.66666666666667 ) );\"><div class=\"fusion-column-wrapper fusion-column-has-shadow fusion-flex-column-wrapper-legacy\"><div class=\"fusion-text fusion-text-1\"><h1>Code Reading<\/h1>\n<p>Code Reader stellen insbesondere in der Verpackungs- und Lagertechnik essentielle Werkzeuge dar und geh\u00f6ren zu unseren Grundkompetenzen. Die sowohl robusten, als auch kompakten ASENTICS Code Reader \u00fcberzeugen mit ihrer schnellen, zuverl\u00e4ssigen Lesung und einfachster Bedienbarkeit um Produktionseffizienz und R\u00fcckverfolgbarkeit zu sichern.<br \/>\nEine breite Produktpalette garantiert die Optical Character Recognition (OCR) und die Erkennung aller g\u00e4ngigen 1D- und 2D-Codes.<\/p>\n<p>&nbsp;<\/p>\n<h4>Typische Anwendungen sind:<\/h4>\n<\/div><ul style=\"--awb-line-height:27.2px;--awb-icon-width:27.2px;--awb-icon-height:27.2px;--awb-icon-margin:11.2px;--awb-content-margin:38.4px;--awb-circlecolor:#0e4194;--awb-circle-yes-font-size:14.08px;\" class=\"fusion-checklist fusion-checklist-1 fusion-checklist-default fusion-checklist-divider type-icons\"><li class=\"fusion-li-item\" style=\"\"><span class=\"icon-wrapper circle-yes\"><i class=\"fusion-li-icon fa-angle-right fas\" aria-hidden=\"true\"><\/i><\/span><div class=\"fusion-li-item-content\">\n<p>Druckbildkontrolle (OCR)<\/p>\n<\/div><\/li><li class=\"fusion-li-item\" style=\"\"><span class=\"icon-wrapper circle-yes\"><i class=\"fusion-li-icon fa-angle-right fas\" aria-hidden=\"true\"><\/i><\/span><div class=\"fusion-li-item-content\">\n<p>Barcodes, Data-Matrixcodes<\/p>\n<\/div><\/li><li class=\"fusion-li-item\" style=\"\"><span class=\"icon-wrapper circle-yes\"><i class=\"fusion-li-icon fa-angle-right fas\" aria-hidden=\"true\"><\/i><\/span><div class=\"fusion-li-item-content\">\n<p>Pharmacodes<\/p>\n<\/div><\/li><\/ul><div class=\"fusion-clearfix\"><\/div><\/div><\/div><div class=\"fusion-layout-column fusion_builder_column fusion-builder-column-2 fusion_builder_column_1_1 1_1 fusion-one-full fusion-column-first fusion-column-last\" style=\"--awb-bg-size:cover;\"><div class=\"fusion-column-wrapper fusion-column-has-shadow fusion-flex-column-wrapper-legacy\"><div class=\"fusion-sep-clear\"><\/div><div class=\"fusion-separator fusion-full-width-sep\" style=\"margin-left: auto;margin-right: auto;margin-top:10px;margin-bottom:10px;width:100%;\"><\/div><div class=\"fusion-sep-clear\"><\/div><div class=\"fusion-reading-box-container reading-box-container-1\" style=\"--awb-title-color:#000000;--awb-margin-top:0px;--awb-margin-bottom:-20px;\"><div class=\"reading-box reading-box-center\" style=\"background-color:#f6f6f6;border-width:1px;border-color:#f6f6f6;border-style:solid;\"><div class=\"reading-box-additional\">Sollten wir Ihr Interesse an unseren Bildverarbeitungsl\u00f6sungen geweckt haben, rufen Sie uns doch einfach an unter der Telefonnummer <a href=\"tel:+492713039110\">+49 (0) 271 \/ 303 91-10<\/a> oder<\/div><div class=\"fusion-clearfix\"><\/div><a class=\"button fusion-button button-default fusion-button-default-size button-default-size button-flat fusion-mobile-button continue-center\" style=\"-webkit-box-shadow:none;-moz-box-shadow:none;box-shadow:none;border-radius:0px 0px 0px 0px\" href=\"https:\/\/www.asentics.de\/kontakt\/\" target=\"_self\"><span>Schreiben Sie uns<\/span><\/a><\/div><svg style=\"opacity:0.70;\" xmlns=\"http:\/\/www.w3.org\/2000\/svg\" version=\"1.1\" width=\"100%\" viewBox=\"0 0 600 28\" preserveAspectRatio=\"none\"><g clip-path=\"url(#a)\"><mask id=\"b\" style=\"mask-type:luminance\" maskUnits=\"userSpaceOnUse\" x=\"0\" y=\"0\" width=\"600\" height=\"28\"><path d=\"M0 0h600v28H0V0Z\" fill=\"#fff\"\/><\/mask><g filter=\"url(#c)\" mask=\"url(#b)\"><path d=\"M16.439-18.667h567.123v30.8S438.961-8.4 300-8.4C161.04-8.4 16.438 12.133 16.438 12.133v-30.8Z\" fill=\"#000\"\/><\/g><\/g><defs><clipPath id=\"a\"><path fill=\"#fff\" d=\"M0 0h600v28H0z\"\/><\/clipPath><filter id=\"c\" x=\"5.438\" y=\"-29.667\" width=\"589.123\" height=\"52.8\" filterUnits=\"userSpaceOnUse\" color-interpolation-filters=\"sRGB\"><feFlood flood-opacity=\"0\" result=\"BackgroundImageFix\"\/><feBlend in=\"SourceGraphic\" in2=\"BackgroundImageFix\" result=\"shape\"\/><feGaussianBlur stdDeviation=\"5.5\" result=\"effect1_foregroundBlur_3983_183\"\/><\/filter><\/defs><\/svg><\/div><div class=\"fusion-clearfix\"><\/div><\/div><\/div><\/div><\/div>\n","protected":false},"excerpt":{"rendered":"","protected":false},"author":2,"featured_media":0,"parent":434,"menu_order":0,"comment_status":"closed","ping_status":"closed","template":"100-width.php","meta":{"_acf_changed":false,"inline_featured_image":false,"footnotes":""},"class_list":["post-859","page","type-page","status-publish","hentry"],"acf":[],"yoast_head":"<!-- This site is optimized with the Yoast SEO plugin v27.3 - https:\/\/yoast.com\/product\/yoast-seo-wordpress\/ -->\n<title>Code Reading - ASENTICS<\/title>\n<meta name=\"robots\" content=\"index, follow, max-snippet:-1, max-image-preview:large, max-video-preview:-1\" \/>\n<link rel=\"canonical\" href=\"https:\/\/www.asentics.de\/de\/branchenloesungen\/code-reading\/\" \/>\n<meta property=\"og:locale\" content=\"de_DE\" \/>\n<meta property=\"og:type\" content=\"article\" \/>\n<meta property=\"og:title\" content=\"Code Reading - ASENTICS\" \/>\n<meta property=\"og:url\" content=\"https:\/\/www.asentics.de\/de\/branchenloesungen\/code-reading\/\" \/>\n<meta property=\"og:site_name\" content=\"ASENTICS\" \/>\n<meta property=\"article:modified_time\" content=\"2019-10-09T13:54:39+00:00\" \/>\n<meta name=\"twitter:card\" content=\"summary_large_image\" \/>\n<meta name=\"twitter:label1\" content=\"Gesch\u00e4tzte Lesezeit\" \/>\n\t<meta name=\"twitter:data1\" content=\"4\u00a0Minuten\" \/>\n<script type=\"application\/ld+json\" class=\"yoast-schema-graph\">{\"@context\":\"https:\\\/\\\/schema.org\",\"@graph\":[{\"@type\":\"WebPage\",\"@id\":\"https:\\\/\\\/www.asentics.de\\\/de\\\/branchenloesungen\\\/code-reading\\\/\",\"url\":\"https:\\\/\\\/www.asentics.de\\\/de\\\/branchenloesungen\\\/code-reading\\\/\",\"name\":\"Code Reading - ASENTICS\",\"isPartOf\":{\"@id\":\"https:\\\/\\\/www.asentics.de\\\/de\\\/#website\"},\"datePublished\":\"2019-09-09T09:17:11+00:00\",\"dateModified\":\"2019-10-09T13:54:39+00:00\",\"breadcrumb\":{\"@id\":\"https:\\\/\\\/www.asentics.de\\\/de\\\/branchenloesungen\\\/code-reading\\\/#breadcrumb\"},\"inLanguage\":\"de\",\"potentialAction\":[{\"@type\":\"ReadAction\",\"target\":[\"https:\\\/\\\/www.asentics.de\\\/de\\\/branchenloesungen\\\/code-reading\\\/\"]}]},{\"@type\":\"BreadcrumbList\",\"@id\":\"https:\\\/\\\/www.asentics.de\\\/de\\\/branchenloesungen\\\/code-reading\\\/#breadcrumb\",\"itemListElement\":[{\"@type\":\"ListItem\",\"position\":1,\"name\":\"Startseite\",\"item\":\"https:\\\/\\\/www.asentics.de\\\/de\\\/\"},{\"@type\":\"ListItem\",\"position\":2,\"name\":\"Branchen\",\"item\":\"https:\\\/\\\/www.asentics.de\\\/de\\\/branchenloesungen\\\/\"},{\"@type\":\"ListItem\",\"position\":3,\"name\":\"Code Reading\"}]},{\"@type\":\"WebSite\",\"@id\":\"https:\\\/\\\/www.asentics.de\\\/de\\\/#website\",\"url\":\"https:\\\/\\\/www.asentics.de\\\/de\\\/\",\"name\":\"ASENTICS\",\"description\":\"ASENTICS vision technology\",\"potentialAction\":[{\"@type\":\"SearchAction\",\"target\":{\"@type\":\"EntryPoint\",\"urlTemplate\":\"https:\\\/\\\/www.asentics.de\\\/de\\\/?s={search_term_string}\"},\"query-input\":{\"@type\":\"PropertyValueSpecification\",\"valueRequired\":true,\"valueName\":\"search_term_string\"}}],\"inLanguage\":\"de\"}]}<\/script>\n<!-- \/ Yoast SEO plugin. -->","yoast_head_json":{"title":"Code Reading - ASENTICS","robots":{"index":"index","follow":"follow","max-snippet":"max-snippet:-1","max-image-preview":"max-image-preview:large","max-video-preview":"max-video-preview:-1"},"canonical":"https:\/\/www.asentics.de\/de\/branchenloesungen\/code-reading\/","og_locale":"de_DE","og_type":"article","og_title":"Code Reading - ASENTICS","og_url":"https:\/\/www.asentics.de\/de\/branchenloesungen\/code-reading\/","og_site_name":"ASENTICS","article_modified_time":"2019-10-09T13:54:39+00:00","twitter_card":"summary_large_image","twitter_misc":{"Gesch\u00e4tzte Lesezeit":"4\u00a0Minuten"},"schema":{"@context":"https:\/\/schema.org","@graph":[{"@type":"WebPage","@id":"https:\/\/www.asentics.de\/de\/branchenloesungen\/code-reading\/","url":"https:\/\/www.asentics.de\/de\/branchenloesungen\/code-reading\/","name":"Code Reading - ASENTICS","isPartOf":{"@id":"https:\/\/www.asentics.de\/de\/#website"},"datePublished":"2019-09-09T09:17:11+00:00","dateModified":"2019-10-09T13:54:39+00:00","breadcrumb":{"@id":"https:\/\/www.asentics.de\/de\/branchenloesungen\/code-reading\/#breadcrumb"},"inLanguage":"de","potentialAction":[{"@type":"ReadAction","target":["https:\/\/www.asentics.de\/de\/branchenloesungen\/code-reading\/"]}]},{"@type":"BreadcrumbList","@id":"https:\/\/www.asentics.de\/de\/branchenloesungen\/code-reading\/#breadcrumb","itemListElement":[{"@type":"ListItem","position":1,"name":"Startseite","item":"https:\/\/www.asentics.de\/de\/"},{"@type":"ListItem","position":2,"name":"Branchen","item":"https:\/\/www.asentics.de\/de\/branchenloesungen\/"},{"@type":"ListItem","position":3,"name":"Code Reading"}]},{"@type":"WebSite","@id":"https:\/\/www.asentics.de\/de\/#website","url":"https:\/\/www.asentics.de\/de\/","name":"ASENTICS","description":"ASENTICS vision technology","potentialAction":[{"@type":"SearchAction","target":{"@type":"EntryPoint","urlTemplate":"https:\/\/www.asentics.de\/de\/?s={search_term_string}"},"query-input":{"@type":"PropertyValueSpecification","valueRequired":true,"valueName":"search_term_string"}}],"inLanguage":"de"}]}},"publishpress_future_action":{"enabled":false,"date":"2026-05-09 10:17:24","action":"change-status","newStatus":"draft","terms":[],"taxonomy":"translation_priority","extraData":[]},"publishpress_future_workflow_manual_trigger":{"enabledWorkflows":[]},"_links":{"self":[{"href":"https:\/\/www.asentics.de\/de\/wp-json\/wp\/v2\/pages\/859","targetHints":{"allow":["GET"]}}],"collection":[{"href":"https:\/\/www.asentics.de\/de\/wp-json\/wp\/v2\/pages"}],"about":[{"href":"https:\/\/www.asentics.de\/de\/wp-json\/wp\/v2\/types\/page"}],"author":[{"embeddable":true,"href":"https:\/\/www.asentics.de\/de\/wp-json\/wp\/v2\/users\/2"}],"replies":[{"embeddable":true,"href":"https:\/\/www.asentics.de\/de\/wp-json\/wp\/v2\/comments?post=859"}],"version-history":[{"count":11,"href":"https:\/\/www.asentics.de\/de\/wp-json\/wp\/v2\/pages\/859\/revisions"}],"predecessor-version":[{"id":1961,"href":"https:\/\/www.asentics.de\/de\/wp-json\/wp\/v2\/pages\/859\/revisions\/1961"}],"up":[{"embeddable":true,"href":"https:\/\/www.asentics.de\/de\/wp-json\/wp\/v2\/pages\/434"}],"wp:attachment":[{"href":"https:\/\/www.asentics.de\/de\/wp-json\/wp\/v2\/media?parent=859"}],"curies":[{"name":"wp","href":"https:\/\/api.w.org\/{rel}","templated":true}]}}